{"id":184,"date":"2017-07-31T16:47:02","date_gmt":"2017-07-31T14:47:02","guid":{"rendered":"http:\/\/www.au-pair-usa.com\/?page_id=184"},"modified":"2022-05-31T15:53:38","modified_gmt":"2022-05-31T13:53:38","slug":"kinderbetreuung","status":"publish","type":"page","link":"https:\/\/www.au-pair-usa.com\/de\/kinderbetreuung\/","title":{"rendered":"Kinderbetreuung"},"content":{"rendered":"\t\t<div data-elementor-type=\"wp-page\" data-elementor-id=\"184\" class=\"elementor elementor-184\">\n\t\t\t\t\t\t\t\t\t<section class=\"elementor-section elementor-top-section elementor-element elementor-element-7ff4fcda elementor-section-height-min-height elementor-section-boxed elementor-section-height-default elementor-section-items-middle\" data-id=\"7ff4fcda\" data-element_type=\"section\" data-settings=\"{&quot;background_background&quot;:&quot;classic&quot;}\">\n\t\t\t\t\t\t\t<div class=\"elementor-background-overlay\"><\/div>\n\t\t\t\t\t\t\t<div class=\"elementor-container elementor-column-gap-default\">\n\t\t\t\t\t<div class=\"elementor-column elementor-col-100 elementor-top-column elementor-element elementor-element-7f6e805a\" data-id=\"7f6e805a\" data-element_type=\"column\">\n\t\t\t<div class=\"elementor-widget-wrap elementor-element-populated\">\n\t\t\t\t\t\t\t\t<div class=\"elementor-element elementor-element-38f2c52a elementor-widget elementor-widget-heading\" data-id=\"38f2c52a\" data-element_type=\"widget\" data-widget_type=\"heading.default\">\n\t\t\t\t<div class=\"elementor-widget-container\">\n\t\t\t<style>\/*! elementor - v3.6.5 - 27-04-2022 *\/\n.elementor-heading-title{padding:0;margin:0;line-height:1}.elementor-widget-heading .elementor-heading-title[class*=elementor-size-]>a{color:inherit;font-size:inherit;line-height:inherit}.elementor-widget-heading .elementor-heading-title.elementor-size-small{font-size:15px}.elementor-widget-heading .elementor-heading-title.elementor-size-medium{font-size:19px}.elementor-widget-heading .elementor-heading-title.elementor-size-large{font-size:29px}.elementor-widget-heading .elementor-heading-title.elementor-size-xl{font-size:39px}.elementor-widget-heading .elementor-heading-title.elementor-size-xxl{font-size:59px}<\/style><h1 class=\"elementor-heading-title elementor-size-default\">Kinderbetreuung<\/h1>\t\t<\/div>\n\t\t\t\t<\/div>\n\t\t\t\t\t<\/div>\n\t\t<\/div>\n\t\t\t\t\t\t\t<\/div>\n\t\t<\/section>\n\t\t\t\t<section class=\"elementor-section elementor-top-section elementor-element elementor-element-575eae4a elementor-section-boxed elementor-section-height-default elementor-section-height-default\" data-id=\"575eae4a\" data-element_type=\"section\">\n\t\t\t\t\t\t<div class=\"elementor-container elementor-column-gap-default\">\n\t\t\t\t\t<div class=\"elementor-column elementor-col-100 elementor-top-column elementor-element elementor-element-772ccf4b\" data-id=\"772ccf4b\" data-element_type=\"column\">\n\t\t\t<div class=\"elementor-widget-wrap elementor-element-populated\">\n\t\t\t\t\t\t\t\t<div class=\"elementor-element elementor-element-7250bec elementor-widget elementor-widget-text-editor\" data-id=\"7250bec\" data-element_type=\"widget\" data-widget_type=\"text-editor.default\">\n\t\t\t\t<div class=\"elementor-widget-container\">\n\t\t\t<style>\/*! elementor - v3.6.5 - 27-04-2022 *\/\n.elementor-widget-text-editor.elementor-drop-cap-view-stacked .elementor-drop-cap{background-color:#818a91;color:#fff}.elementor-widget-text-editor.elementor-drop-cap-view-framed .elementor-drop-cap{color:#818a91;border:3px solid;background-color:transparent}.elementor-widget-text-editor:not(.elementor-drop-cap-view-default) .elementor-drop-cap{margin-top:8px}.elementor-widget-text-editor:not(.elementor-drop-cap-view-default) .elementor-drop-cap-letter{width:1em;height:1em}.elementor-widget-text-editor .elementor-drop-cap{float:left;text-align:center;line-height:1;font-size:50px}.elementor-widget-text-editor .elementor-drop-cap-letter{display:inline-block}<\/style>\t\t\t\t<p style=\"text-align: center;\">W\u00e4hrend des Au Pair Aufenthalts geht es haupts\u00e4chlich um die Kinderbetreuung. Du f\u00e4hrst die Kinder zur Schule und zum Kindergarten, holst sie ab, machst mit ihnen die Hausaufgaben und bereitest Mahlzeiten f\u00fcr sie vor. Danach geht es zu Playdates oder anderen Freizeitaktivit\u00e4ten, wie Vereinssport oder Tanzstunden. Ihr k\u00f6nnt auch auf den Spielplatz gehen. Du kannst dich gerne auch mit anderen Au Pairs und deren Gastkindern zu Playdates verabreden. So lernen deine Gastkinder auch neue Kinder kennen und du f\u00fchlst dich nicht ganz so alleine. Bitte hier aber immer erst um die Erlaubnis der Gasteltern.<\/p><p style=\"text-align: center;\">Wenn die Kinder in der Schule sind, ist es m\u00f6glich, dass du dich zus\u00e4tzlich um ihre W\u00e4sche k\u00fcmmern sollst, d.h. du w\u00e4schst nur die W\u00e4sche der Kinder, schmei\u00dft sie in den Trockner und b\u00fcgelst sie eventuell. Zudem geh\u00f6rt auch zu deinen Aufgaben, das Kinderzimmer sauber zu halten. Nat\u00fcrlich kannst du die Kiddies hier mit einspannen, denn schlie\u00dflich sollen sie nicht lernen, dass sich alles von alleine aufr\u00e4umt und sie nur das Chaos verursachen m\u00fcssen.<\/p><p style=\"text-align: center;\">Du musst hier Verantwortung \u00fcbernehmen und solltest wirklich Spa\u00df am Umgang mit Kindern haben. Deine Anstrengung, ein gutes Au Pair sein zu wollen, wird sich garantiert auszahlen und du wirst irgendwann von den Kindern h\u00f6ren, wie sehr sie dich m\u00f6gen. Sie m\u00f6chten einen Sleepover in deinem Zimmer haben oder kommen beim gemeinsamen Fernsehgucken zum kuscheln zu dir gekrochen. All das wird dir zeigen, dass du deinen Job richtig machst und wenn du auch schon einmal Zweifel an dem Aufenthalt haben solltest und dich dann Heimweh packt, dann wirst du so wissen, dass du die richtige Entscheidung getroffen hast.<\/p>\t\t\t\t\t\t<\/div>\n\t\t\t\t<\/div>\n\t\t\t\t\t<\/div>\n\t\t<\/div>\n\t\t\t\t\t\t\t<\/div>\n\t\t<\/section>\n\t\t\t\t<section class=\"elementor-section elementor-inner-section elementor-element elementor-element-ade538c elementor-reverse-mobile elementor-section-boxed elementor-section-height-default elementor-section-height-default\" data-id=\"ade538c\" data-element_type=\"section\">\n\t\t\t\t\t\t<div class=\"elementor-container elementor-column-gap-default\">\n\t\t\t\t\t<div class=\"elementor-column elementor-col-50 elementor-inner-column elementor-element elementor-element-42a50fa9\" data-id=\"42a50fa9\" data-element_type=\"column\">\n\t\t\t<div class=\"elementor-widget-wrap elementor-element-populated\">\n\t\t\t\t\t\t\t\t<div class=\"elementor-element elementor-element-372931da elementor-widget elementor-widget-text-editor\" data-id=\"372931da\" data-element_type=\"widget\" data-widget_type=\"text-editor.default\">\n\t\t\t\t<div class=\"elementor-widget-container\">\n\t\t\t\t\t\t\t<h2>Sie finden uns unter:<\/h2>\t\t\t\t\t\t<\/div>\n\t\t\t\t<\/div>\n\t\t\t\t<div class=\"elementor-element elementor-element-5a59f3f5 elementor-view-default elementor-vertical-align-top elementor-widget elementor-widget-icon-box\" data-id=\"5a59f3f5\" data-element_type=\"widget\" data-widget_type=\"icon-box.default\">\n\t\t\t\t<div class=\"elementor-widget-container\">\n\t\t\t<link rel=\"stylesheet\" href=\"https:\/\/www.au-pair-usa.com\/wp-content\/plugins\/elementor\/assets\/css\/widget-icon-box.min.css\">\t\t<div class=\"elementor-icon-box-wrapper\">\n\t\t\t\t\t\t<div class=\"elementor-icon-box-content\">\n\t\t\t\t<h6 class=\"elementor-icon-box-title\">\n\t\t\t\t\t<span  >\n\t\t\t\t\t\tEMAIL\t\t\t\t\t<\/span>\n\t\t\t\t<\/h6>\n\t\t\t\t\t\t\t\t\t<p class=\"elementor-icon-box-description\">\n\t\t\t\t\t\taway@multikultur.info<br>us@aupair.com\t\t\t\t\t<\/p>\n\t\t\t\t\t\t\t<\/div>\n\t\t<\/div>\n\t\t\t\t<\/div>\n\t\t\t\t<\/div>\n\t\t\t\t<div class=\"elementor-element elementor-element-74cb69f1 elementor-view-default elementor-vertical-align-top elementor-widget elementor-widget-icon-box\" data-id=\"74cb69f1\" data-element_type=\"widget\" data-widget_type=\"icon-box.default\">\n\t\t\t\t<div class=\"elementor-widget-container\">\n\t\t\t\t\t<div class=\"elementor-icon-box-wrapper\">\n\t\t\t\t\t\t<div class=\"elementor-icon-box-content\">\n\t\t\t\t<h6 class=\"elementor-icon-box-title\">\n\t\t\t\t\t<span  >\n\t\t\t\t\t\t<span class=\"elementor-inline-editing pen\" data-elementor-setting-key=\"title_text\" data-elementor-inline-editing-toolbar=\"none\" data-pen-placeholder=\"Type Here...\" contenteditable=\"true\"><h6 class=\"elementor-icon-box-title\"><span class=\"elementor-inline-editing pen\" data-elementor-setting-key=\"title_text\" data-elementor-inline-editing-toolbar=\"none\" data-pen-placeholder=\"Type Here...\" contenteditable=\"true\">TELEFONNUMMER<\/span><\/h6><\/span>\t\t\t\t\t<\/span>\n\t\t\t\t<\/h6>\n\t\t\t\t\t\t\t\t\t<p class=\"elementor-icon-box-description\">\n\t\t\t\t\t\tFax: +49 (0) 221 921 3049<br>Phone: +49 (0) 221 310 61 840\t\t\t\t\t<\/p>\n\t\t\t\t\t\t\t<\/div>\n\t\t<\/div>\n\t\t\t\t<\/div>\n\t\t\t\t<\/div>\n\t\t\t\t<div class=\"elementor-element elementor-element-35b0a867 elementor-view-default elementor-vertical-align-top elementor-widget elementor-widget-icon-box\" data-id=\"35b0a867\" data-element_type=\"widget\" data-widget_type=\"icon-box.default\">\n\t\t\t\t<div class=\"elementor-widget-container\">\n\t\t\t\t\t<div class=\"elementor-icon-box-wrapper\">\n\t\t\t\t\t\t<div class=\"elementor-icon-box-content\">\n\t\t\t\t<h6 class=\"elementor-icon-box-title\">\n\t\t\t\t\t<span  >\n\t\t\t\t\t\t<span class=\"elementor-inline-editing pen\" data-elementor-setting-key=\"title_text\" data-elementor-inline-editing-toolbar=\"none\" data-pen-placeholder=\"Type Here...\" contenteditable=\"true\"><h6 class=\"elementor-icon-box-title\"><span class=\"elementor-inline-editing pen\" data-elementor-setting-key=\"title_text\" data-elementor-inline-editing-toolbar=\"none\" data-pen-placeholder=\"Type Here...\" contenteditable=\"true\">LAGE<\/span><\/h6><\/span>\t\t\t\t\t<\/span>\n\t\t\t\t<\/h6>\n\t\t\t\t\t\t\t\t\t<p class=\"elementor-icon-box-description\">\n\t\t\t\t\t\tHelmholtzstr.50<br>50825 Cologne\t\t\t\t\t<\/p>\n\t\t\t\t\t\t\t<\/div>\n\t\t<\/div>\n\t\t\t\t<\/div>\n\t\t\t\t<\/div>\n\t\t\t\t<div class=\"elementor-element elementor-element-2644a4f elementor-shape-circle e-grid-align-mobile-center elementor-grid-0 e-grid-align-center elementor-widget elementor-widget-social-icons\" data-id=\"2644a4f\" data-element_type=\"widget\" data-widget_type=\"social-icons.default\">\n\t\t\t\t<div class=\"elementor-widget-container\">\n\t\t\t<style>\/*! elementor - v3.6.5 - 27-04-2022 *\/\n.elementor-widget-social-icons.elementor-grid-0 .elementor-widget-container,.elementor-widget-social-icons.elementor-grid-mobile-0 .elementor-widget-container,.elementor-widget-social-icons.elementor-grid-tablet-0 .elementor-widget-container{line-height:1;font-size:0}.elementor-widget-social-icons:not(.elementor-grid-0):not(.elementor-grid-tablet-0):not(.elementor-grid-mobile-0) .elementor-grid{display:inline-grid}.elementor-widget-social-icons .elementor-grid{grid-column-gap:var(--grid-column-gap,5px);grid-row-gap:var(--grid-row-gap,5px);grid-template-columns:var(--grid-template-columns);-webkit-box-pack:var(--justify-content,center);-ms-flex-pack:var(--justify-content,center);justify-content:var(--justify-content,center);justify-items:var(--justify-content,center)}.elementor-icon.elementor-social-icon{font-size:var(--icon-size,25px);line-height:var(--icon-size,25px);width:calc(var(--icon-size, 25px) + (2 * var(--icon-padding, .5em)));height:calc(var(--icon-size, 25px) + (2 * var(--icon-padding, .5em)))}.elementor-social-icon{--e-social-icon-icon-color:#fff;display:-webkit-inline-box;display:-ms-inline-flexbox;display:inline-flex;background-color:#818a91;-webkit-box-align:center;-ms-flex-align:center;align-items:center;-webkit-box-pack:center;-ms-flex-pack:center;justify-content:center;text-align:center;cursor:pointer}.elementor-social-icon i{color:var(--e-social-icon-icon-color)}.elementor-social-icon svg{fill:var(--e-social-icon-icon-color)}.elementor-social-icon:last-child{margin:0}.elementor-social-icon:hover{opacity:.9;color:#fff}.elementor-social-icon-android{background-color:#a4c639}.elementor-social-icon-apple{background-color:#999}.elementor-social-icon-behance{background-color:#1769ff}.elementor-social-icon-bitbucket{background-color:#205081}.elementor-social-icon-codepen{background-color:#000}.elementor-social-icon-delicious{background-color:#39f}.elementor-social-icon-deviantart{background-color:#05cc47}.elementor-social-icon-digg{background-color:#005be2}.elementor-social-icon-dribbble{background-color:#ea4c89}.elementor-social-icon-elementor{background-color:#d30c5c}.elementor-social-icon-envelope{background-color:#ea4335}.elementor-social-icon-facebook,.elementor-social-icon-facebook-f{background-color:#3b5998}.elementor-social-icon-flickr{background-color:#0063dc}.elementor-social-icon-foursquare{background-color:#2d5be3}.elementor-social-icon-free-code-camp,.elementor-social-icon-freecodecamp{background-color:#006400}.elementor-social-icon-github{background-color:#333}.elementor-social-icon-gitlab{background-color:#e24329}.elementor-social-icon-globe{background-color:#818a91}.elementor-social-icon-google-plus,.elementor-social-icon-google-plus-g{background-color:#dd4b39}.elementor-social-icon-houzz{background-color:#7ac142}.elementor-social-icon-instagram{background-color:#262626}.elementor-social-icon-jsfiddle{background-color:#487aa2}.elementor-social-icon-link{background-color:#818a91}.elementor-social-icon-linkedin,.elementor-social-icon-linkedin-in{background-color:#0077b5}.elementor-social-icon-medium{background-color:#00ab6b}.elementor-social-icon-meetup{background-color:#ec1c40}.elementor-social-icon-mixcloud{background-color:#273a4b}.elementor-social-icon-odnoklassniki{background-color:#f4731c}.elementor-social-icon-pinterest{background-color:#bd081c}.elementor-social-icon-product-hunt{background-color:#da552f}.elementor-social-icon-reddit{background-color:#ff4500}.elementor-social-icon-rss{background-color:#f26522}.elementor-social-icon-shopping-cart{background-color:#4caf50}.elementor-social-icon-skype{background-color:#00aff0}.elementor-social-icon-slideshare{background-color:#0077b5}.elementor-social-icon-snapchat{background-color:#fffc00}.elementor-social-icon-soundcloud{background-color:#f80}.elementor-social-icon-spotify{background-color:#2ebd59}.elementor-social-icon-stack-overflow{background-color:#fe7a15}.elementor-social-icon-steam{background-color:#00adee}.elementor-social-icon-stumbleupon{background-color:#eb4924}.elementor-social-icon-telegram{background-color:#2ca5e0}.elementor-social-icon-thumb-tack{background-color:#1aa1d8}.elementor-social-icon-tripadvisor{background-color:#589442}.elementor-social-icon-tumblr{background-color:#35465c}.elementor-social-icon-twitch{background-color:#6441a5}.elementor-social-icon-twitter{background-color:#1da1f2}.elementor-social-icon-viber{background-color:#665cac}.elementor-social-icon-vimeo{background-color:#1ab7ea}.elementor-social-icon-vk{background-color:#45668e}.elementor-social-icon-weibo{background-color:#dd2430}.elementor-social-icon-weixin{background-color:#31a918}.elementor-social-icon-whatsapp{background-color:#25d366}.elementor-social-icon-wordpress{background-color:#21759b}.elementor-social-icon-xing{background-color:#026466}.elementor-social-icon-yelp{background-color:#af0606}.elementor-social-icon-youtube{background-color:#cd201f}.elementor-social-icon-500px{background-color:#0099e5}.elementor-shape-rounded .elementor-icon.elementor-social-icon{border-radius:10%}.elementor-shape-circle .elementor-icon.elementor-social-icon{border-radius:50%}<\/style>\t\t<div class=\"elementor-social-icons-wrapper elementor-grid\">\n\t\t\t\t\t\t\t<span class=\"elementor-grid-item\">\n\t\t\t\t\t<a class=\"elementor-icon elementor-social-icon elementor-social-icon-facebook elementor-repeater-item-bc2758c\" href=\"https:\/\/www.facebook.com\/multikultur\">\n\t\t\t\t\t\t<span class=\"elementor-screen-only\">Facebook<\/span>\n\t\t\t\t\t\t<i class=\"fab fa-facebook\"><\/i>\t\t\t\t\t<\/a>\n\t\t\t\t<\/span>\n\t\t\t\t\t\t\t<span class=\"elementor-grid-item\">\n\t\t\t\t\t<a class=\"elementor-icon elementor-social-icon elementor-social-icon-instagram elementor-repeater-item-67346b3\" href=\"https:\/\/www.instagram.com\/multikultur\/\">\n\t\t\t\t\t\t<span class=\"elementor-screen-only\">Instagram<\/span>\n\t\t\t\t\t\t<i class=\"fab fa-instagram\"><\/i>\t\t\t\t\t<\/a>\n\t\t\t\t<\/span>\n\t\t\t\t\t<\/div>\n\t\t\t\t<\/div>\n\t\t\t\t<\/div>\n\t\t\t\t\t<\/div>\n\t\t<\/div>\n\t\t\t\t<div class=\"elementor-column elementor-col-50 elementor-inner-column elementor-element elementor-element-6cc7fa63\" data-id=\"6cc7fa63\" data-element_type=\"column\">\n\t\t\t<div class=\"elementor-widget-wrap elementor-element-populated\">\n\t\t\t\t\t\t\t\t<div class=\"elementor-element elementor-element-6181bdf4 elementor-widget elementor-widget-text-editor\" data-id=\"6181bdf4\" data-element_type=\"widget\" data-widget_type=\"text-editor.default\">\n\t\t\t\t<div class=\"elementor-widget-container\">\n\t\t\t\t\t\t\t<h2>Lassen Sie uns in Kontakt treten:<\/h2>\t\t\t\t\t\t<\/div>\n\t\t\t\t<\/div>\n\t\t\t\t<div class=\"elementor-element elementor-element-6ef36cf9 elementor-widget elementor-widget-text-editor\" data-id=\"6ef36cf9\" data-element_type=\"widget\" data-widget_type=\"text-editor.default\">\n\t\t\t\t<div class=\"elementor-widget-container\">\n\t\t\t\t\t\t\t<p>Click on the button below, register without obligation in our application portal and fill out the short application.<br \/>We will then contact you and discuss the next steps with you.<\/p>\t\t\t\t\t\t<\/div>\n\t\t\t\t<\/div>\n\t\t\t\t<div class=\"elementor-element elementor-element-7090b591 elementor-widget elementor-widget-text-editor\" data-id=\"7090b591\" data-element_type=\"widget\" data-widget_type=\"text-editor.default\">\n\t\t\t\t<div class=\"elementor-widget-container\">\n\t\t\t\t\t\t\t<a class=\"button\" href=\"https:\/\/www.au-pair.biz\/aupaircom-local-services-de-at-ch-crm\/aupair-register.php\" target=\"_blank\" rel=\"noopener\">Register<\/a>\t\t\t\t\t\t<\/div>\n\t\t\t\t<\/div>\n\t\t\t\t\t<\/div>\n\t\t<\/div>\n\t\t\t\t\t\t\t<\/div>\n\t\t<\/section>\n\t\t\t\t\t\t\t<\/div>\n\t\t","protected":false},"excerpt":{"rendered":"<p>Kinderbetreuung W\u00e4hrend des Au Pair Aufenthalts geht es haupts\u00e4chlich um die Kinderbetreuung. Du f\u00e4hrst die Kinder zur Schule und zum Kindergarten, holst sie ab, machst mit ihnen die Hausaufgaben und bereitest Mahlzeiten f\u00fcr sie vor. Danach geht es zu Playdates oder anderen Freizeitaktivit\u00e4ten, wie Vereinssport oder Tanzstunden. Ihr k\u00f6nnt auch auf den Spielplatz gehen. Du &hellip;<\/p>\n<p class=\"read-more\"> <a class=\"\" href=\"https:\/\/www.au-pair-usa.com\/de\/kinderbetreuung\/\"> <span class=\"screen-reader-text\">Kinderbetreuung<\/span> Weiterlesen &raquo;<\/a><\/p>\n","protected":false},"author":2,"featured_media":0,"parent":0,"menu_order":0,"comment_status":"closed","ping_status":"closed","template":"elementor_header_footer","meta":{"site-sidebar-layout":"no-sidebar","site-content-layout":"page-builder","ast-global-header-display":"","ast-main-header-display":"","ast-hfb-above-header-display":"","ast-hfb-below-header-display":"","ast-hfb-mobile-header-display":"","site-post-title":"","ast-breadcrumbs-content":"","ast-featured-img":"","footer-sml-layout":"","theme-transparent-header-meta":"enabled","adv-header-id-meta":"","stick-header-meta":"","header-above-stick-meta":"","header-main-stick-meta":"","header-below-stick-meta":"","_ti_tpc_template_sync":false,"_ti_tpc_template_id":"","spay_email":""},"yoast_head":"<!-- This site is optimized with the Yoast SEO plugin v19.0 - https:\/\/yoast.com\/wordpress\/plugins\/seo\/ -->\n<title>Kinderbetreuung - Au Pair USA<\/title>\n<meta name=\"robots\" content=\"index, follow, max-snippet:-1, max-image-preview:large, max-video-preview:-1\" \/>\n<link rel=\"canonical\" href=\"https:\/\/www.au-pair-usa.com\/de\/kinderbetreuung\/\" \/>\n<meta property=\"og:locale\" content=\"de_DE\" \/>\n<meta property=\"og:type\" content=\"article\" \/>\n<meta property=\"og:title\" content=\"Kinderbetreuung - Au Pair USA\" \/>\n<meta property=\"og:description\" content=\"Kinderbetreuung W\u00e4hrend des Au Pair Aufenthalts geht es haupts\u00e4chlich um die Kinderbetreuung. Du f\u00e4hrst die Kinder zur Schule und zum Kindergarten, holst sie ab, machst mit ihnen die Hausaufgaben und bereitest Mahlzeiten f\u00fcr sie vor. Danach geht es zu Playdates oder anderen Freizeitaktivit\u00e4ten, wie Vereinssport oder Tanzstunden. Ihr k\u00f6nnt auch auf den Spielplatz gehen. Du &hellip; Kinderbetreuung Weiterlesen &raquo;\" \/>\n<meta property=\"og:url\" content=\"https:\/\/www.au-pair-usa.com\/de\/kinderbetreuung\/\" \/>\n<meta property=\"og:site_name\" content=\"Au Pair USA\" \/>\n<meta property=\"article:modified_time\" content=\"2022-05-31T13:53:38+00:00\" \/>\n<meta name=\"twitter:card\" content=\"summary_large_image\" \/>\n<meta name=\"twitter:label1\" content=\"Gesch\u00e4tzte Lesezeit\" \/>\n\t<meta name=\"twitter:data1\" content=\"2\u00a0Minuten\" \/>\n<script type=\"application\/ld+json\" class=\"yoast-schema-graph\">{\"@context\":\"https:\/\/schema.org\",\"@graph\":[{\"@type\":\"WebSite\",\"@id\":\"https:\/\/www.au-pair-usa.com\/#website\",\"url\":\"https:\/\/www.au-pair-usa.com\/\",\"name\":\"Au Pair USA\",\"description\":\"\",\"potentialAction\":[{\"@type\":\"SearchAction\",\"target\":{\"@type\":\"EntryPoint\",\"urlTemplate\":\"https:\/\/www.au-pair-usa.com\/?s={search_term_string}\"},\"query-input\":\"required name=search_term_string\"}],\"inLanguage\":\"de\"},{\"@type\":\"WebPage\",\"@id\":\"https:\/\/www.au-pair-usa.com\/de\/kinderbetreuung\/#webpage\",\"url\":\"https:\/\/www.au-pair-usa.com\/de\/kinderbetreuung\/\",\"name\":\"Kinderbetreuung - Au Pair USA\",\"isPartOf\":{\"@id\":\"https:\/\/www.au-pair-usa.com\/#website\"},\"datePublished\":\"2017-07-31T14:47:02+00:00\",\"dateModified\":\"2022-05-31T13:53:38+00:00\",\"breadcrumb\":{\"@id\":\"https:\/\/www.au-pair-usa.com\/de\/kinderbetreuung\/#breadcrumb\"},\"inLanguage\":\"de\",\"potentialAction\":[{\"@type\":\"ReadAction\",\"target\":[\"https:\/\/www.au-pair-usa.com\/de\/kinderbetreuung\/\"]}]},{\"@type\":\"BreadcrumbList\",\"@id\":\"https:\/\/www.au-pair-usa.com\/de\/kinderbetreuung\/#breadcrumb\",\"itemListElement\":[{\"@type\":\"ListItem\",\"position\":1,\"name\":\"Home\",\"item\":\"https:\/\/www.au-pair-usa.com\/\"},{\"@type\":\"ListItem\",\"position\":2,\"name\":\"Kinderbetreuung\"}]}]}<\/script>\n<!-- \/ Yoast SEO plugin. -->","yoast_head_json":{"title":"Kinderbetreuung - Au Pair USA","robots":{"index":"index","follow":"follow","max-snippet":"max-snippet:-1","max-image-preview":"max-image-preview:large","max-video-preview":"max-video-preview:-1"},"canonical":"https:\/\/www.au-pair-usa.com\/de\/kinderbetreuung\/","og_locale":"de_DE","og_type":"article","og_title":"Kinderbetreuung - Au Pair USA","og_description":"Kinderbetreuung W\u00e4hrend des Au Pair Aufenthalts geht es haupts\u00e4chlich um die Kinderbetreuung. Du f\u00e4hrst die Kinder zur Schule und zum Kindergarten, holst sie ab, machst mit ihnen die Hausaufgaben und bereitest Mahlzeiten f\u00fcr sie vor. Danach geht es zu Playdates oder anderen Freizeitaktivit\u00e4ten, wie Vereinssport oder Tanzstunden. Ihr k\u00f6nnt auch auf den Spielplatz gehen. Du &hellip; Kinderbetreuung Weiterlesen &raquo;","og_url":"https:\/\/www.au-pair-usa.com\/de\/kinderbetreuung\/","og_site_name":"Au Pair USA","article_modified_time":"2022-05-31T13:53:38+00:00","twitter_card":"summary_large_image","twitter_misc":{"Gesch\u00e4tzte Lesezeit":"2\u00a0Minuten"},"schema":{"@context":"https:\/\/schema.org","@graph":[{"@type":"WebSite","@id":"https:\/\/www.au-pair-usa.com\/#website","url":"https:\/\/www.au-pair-usa.com\/","name":"Au Pair USA","description":"","potentialAction":[{"@type":"SearchAction","target":{"@type":"EntryPoint","urlTemplate":"https:\/\/www.au-pair-usa.com\/?s={search_term_string}"},"query-input":"required name=search_term_string"}],"inLanguage":"de"},{"@type":"WebPage","@id":"https:\/\/www.au-pair-usa.com\/de\/kinderbetreuung\/#webpage","url":"https:\/\/www.au-pair-usa.com\/de\/kinderbetreuung\/","name":"Kinderbetreuung - Au Pair USA","isPartOf":{"@id":"https:\/\/www.au-pair-usa.com\/#website"},"datePublished":"2017-07-31T14:47:02+00:00","dateModified":"2022-05-31T13:53:38+00:00","breadcrumb":{"@id":"https:\/\/www.au-pair-usa.com\/de\/kinderbetreuung\/#breadcrumb"},"inLanguage":"de","potentialAction":[{"@type":"ReadAction","target":["https:\/\/www.au-pair-usa.com\/de\/kinderbetreuung\/"]}]},{"@type":"BreadcrumbList","@id":"https:\/\/www.au-pair-usa.com\/de\/kinderbetreuung\/#breadcrumb","itemListElement":[{"@type":"ListItem","position":1,"name":"Home","item":"https:\/\/www.au-pair-usa.com\/"},{"@type":"ListItem","position":2,"name":"Kinderbetreuung"}]}]}},"_links":{"self":[{"href":"https:\/\/www.au-pair-usa.com\/de\/wp-json\/wp\/v2\/pages\/184"}],"collection":[{"href":"https:\/\/www.au-pair-usa.com\/de\/wp-json\/wp\/v2\/pages"}],"about":[{"href":"https:\/\/www.au-pair-usa.com\/de\/wp-json\/wp\/v2\/types\/page"}],"author":[{"embeddable":true,"href":"https:\/\/www.au-pair-usa.com\/de\/wp-json\/wp\/v2\/users\/2"}],"replies":[{"embeddable":true,"href":"https:\/\/www.au-pair-usa.com\/de\/wp-json\/wp\/v2\/comments?post=184"}],"version-history":[{"count":22,"href":"https:\/\/www.au-pair-usa.com\/de\/wp-json\/wp\/v2\/pages\/184\/revisions"}],"predecessor-version":[{"id":2793,"href":"https:\/\/www.au-pair-usa.com\/de\/wp-json\/wp\/v2\/pages\/184\/revisions\/2793"}],"wp:attachment":[{"href":"https:\/\/www.au-pair-usa.com\/de\/wp-json\/wp\/v2\/media?parent=184"}],"curies":[{"name":"wp","href":"https:\/\/api.w.org\/{rel}","templated":true}]}}